{"id":5118,"date":"2014-06-13T16:48:46","date_gmt":"2014-06-13T14:48:46","guid":{"rendered":"http:\/\/annakarinhatt.se\/blogg\/?page_id=5118"},"modified":"2014-10-17T12:21:09","modified_gmt":"2014-10-17T10:21:09","slug":"cv-anna-karin-hatt","status":"publish","type":"page","link":"http:\/\/annakarinhatt.se\/blogg\/om-mig-anna-karin-hatt\/cv-anna-karin-hatt\/","title":{"rendered":"CV &#8211; Anna-Karin Hatt"},"content":{"rendered":"<h3>Utbildning<\/h3>\n<p>1992-1995<br \/>\nFil kand (statsvetenskap och internationella relationer), G\u00f6teborgs Universitet<\/p>\n<p>1988-1991<br \/>\nGymnasieutbildning, Erik Dahlbergsgymnasiet, J\u00f6nk\u00f6ping<\/p>\n<p>1979-1988<br \/>\nGrundskola, \u00d6rnaskolan, Hyltebruk<\/p>\n<h3>Jobb och uppdrag<\/h3>\n<p>2011-2014<br \/>\nIt- och energiminister<\/p>\n<p>2010-2011<br \/>\nIt- och regionminister, bitr. n\u00e4ringsminister<\/p>\n<p>2006-2010<br \/>\nStatssekreterare f\u00f6r Centerpartiets samordningskansli i Statsr\u00e5dsberedningen<\/p>\n<p>2003-2006<br \/>\nStabschef f\u00f6r partiledarstaben, Centerpartiet<\/p>\n<p>2002-2003<br \/>\nVD, Didaktus Skolor AB, Didaktus H\u00e4lso- och Sjukv\u00e5rdsutbildningar AB<\/p>\n<p>2000-2001<br \/>\nPR-konsult och vice VD, PR-byr\u00e5n Kind &amp; Partners AB<\/p>\n<p>1998-2002<br \/>\nErs\u00e4ttare f\u00f6r ledamot av Riksdagen<\/p>\n<p>1998-2000<br \/>\nTalskrivare \u00e5t partiledningen, Centerpartiet<\/p>\n<p>1997-1998<br \/>\nLedamot av verkst\u00e4llande utskottet, Centerpartiets Ungdomsf\u00f6rbund<\/p>\n<p>1997<br \/>\nLedarskribent, S\u00f6dermanlands Nyheter<\/p>\n<p>1996-1998<br \/>\nKanslichef, Centerpartiets Internationella Stiftelse<\/p>\n<p>1996-1998<br \/>\nOrdf\u00f6rande i arbetsutskottet, Ungdomens Nordiska R\u00e5d<\/p>\n<p>1995-1998<br \/>\nPresident, Nordiska Centerungdomens F\u00f6rbund<\/p>\n<p>1995<br \/>\nLedarskribent, Hallands Nyheter<\/p>\n<p>1994-1998<br \/>\nLedamot av f\u00f6rbundsstyrelsen, Centerpartiets Ungdomsf\u00f6rbund<\/p>\n<p>1994-1996<br \/>\nLedamot av lekmannastyrelsen f\u00f6r L\u00e4nsstyrelsen i Hallands\u2028l\u00e4n<\/p>\n<p>1991-1994<br \/>\nLedamot av distriktsstyrelsen f\u00f6r Centerpartiets Ungdomsf\u00f6rbund i Hallands l\u00e4n<\/p>\n<p>1991-1993<br \/>\nLedamot av milj\u00f6- och h\u00e4lsoskyddsn\u00e4mnden, Hylte kommun<\/p>\n","protected":false},"excerpt":{"rendered":"<p>Utbildning 1992-1995 Fil kand (statsvetenskap och internationella relationer), G\u00f6teborgs Universitet 1988-1991 Gymnasieutbildning, Erik Dahlbergsgymnasiet, J\u00f6nk\u00f6ping 1979-1988 Grundskola, \u00d6rnaskolan, Hyltebruk Jobb och uppdrag 2011-2014 It- och energiminister 2010-2011 It- och regionminister, bitr. n\u00e4ringsminister 2006-2010 Statssekreterare f\u00f6r Centerpartiets samordningskansli i Statsr\u00e5dsberedningen 2003-2006 Stabschef f\u00f6r partiledarstaben, Centerpartiet 2002-2003 VD, Didaktus Skolor AB, Didaktus H\u00e4lso- och Sjukv\u00e5rdsutbildningar AB 2000-2001&nbsp;<a href=\"http:\/\/annakarinhatt.se\/blogg\/om-mig-anna-karin-hatt\/cv-anna-karin-hatt\/\" class=\"read-more\">Continue Reading<\/a><\/p>\n","protected":false},"author":1,"featured_media":0,"parent":2,"menu_order":0,"comment_status":"open","ping_status":"open","template":"page-fullwidth.php","meta":{"ngg_post_thumbnail":0,"footnotes":""},"class_list":["post-5118","page","type-page","status-publish","hentry"],"_links":{"self":[{"href":"http:\/\/annakarinhatt.se\/blogg\/wp-json\/wp\/v2\/pages\/5118","targetHints":{"allow":["GET"]}}],"collection":[{"href":"http:\/\/annakarinhatt.se\/blogg\/wp-json\/wp\/v2\/pages"}],"about":[{"href":"http:\/\/annakarinhatt.se\/blogg\/wp-json\/wp\/v2\/types\/page"}],"author":[{"embeddable":true,"href":"http:\/\/annakarinhatt.se\/blogg\/wp-json\/wp\/v2\/users\/1"}],"replies":[{"embeddable":true,"href":"http:\/\/annakarinhatt.se\/blogg\/wp-json\/wp\/v2\/comments?post=5118"}],"version-history":[{"count":4,"href":"http:\/\/annakarinhatt.se\/blogg\/wp-json\/wp\/v2\/pages\/5118\/revisions"}],"predecessor-version":[{"id":5504,"href":"http:\/\/annakarinhatt.se\/blogg\/wp-json\/wp\/v2\/pages\/5118\/revisions\/5504"}],"up":[{"embeddable":true,"href":"http:\/\/annakarinhatt.se\/blogg\/wp-json\/wp\/v2\/pages\/2"}],"wp:attachment":[{"href":"http:\/\/annakarinhatt.se\/blogg\/wp-json\/wp\/v2\/media?parent=5118"}],"curies":[{"name":"wp","href":"https:\/\/api.w.org\/{rel}","templated":true}]}}